{"id":6027,"date":"2018-10-21T19:11:34","date_gmt":"2018-10-21T17:11:34","guid":{"rendered":"https:\/\/cleverapps.se\/om-oss\/"},"modified":"2026-04-07T13:07:10","modified_gmt":"2026-04-07T11:07:10","slug":"om-oss","status":"publish","type":"page","link":"https:\/\/www.cleverapps.se\/no\/om-oss\/","title":{"rendered":"Om oss"},"content":{"rendered":"<p><div class=\"fusion-fullwidth fullwidth-box fusion-builder-row-1 fusion-flex-container nonhundred-percent-fullwidth non-hundred-percent-height-scrolling\" style=\"--awb-border-radius-top-left:0px;--awb-border-radius-top-right:0px;--awb-border-radius-bottom-right:0px;--awb-border-radius-bottom-left:0px;--awb-padding-bottom:0px;--awb-margin-bottom:0px;--awb-flex-wrap:wrap;\" ><div class=\"fusion-builder-row fusion-row fusion-flex-align-items-flex-start fusion-flex-content-wrap\" style=\"max-width:1040px;margin-left: calc(-4% \/ 2 );margin-right: calc(-4% \/ 2 );\"><div class=\"fusion-layout-column fusion_builder_column fusion-builder-column-0 fusion_builder_column_1_5 1_5 fusion-flex-column fusion-no-small-visibility fusion-no-medium-visibility\" style=\"--awb-bg-size:cover;--awb-width-large:20%;--awb-margin-top-large:0px;--awb-spacing-right-large:9.6%;--awb-margin-bottom-large:20px;--awb-spacing-left-large:9.6%;--awb-width-medium:20%;--awb-order-medium:0;--awb-spacing-right-medium:9.6%;--awb-spacing-left-medium:9.6%;--awb-width-small:100%;--awb-order-small:0;--awb-spacing-right-small:1.92%;--awb-spacing-left-small:1.92%;\"><div class=\"fusion-column-wrapper fusion-column-has-shadow fusion-flex-justify-content-flex-start fusion-content-layout-column\"><\/div><\/div><div class=\"fusion-layout-column fusion_builder_column fusion-builder-column-1 fusion_builder_column_3_5 3_5 fusion-flex-column\" style=\"--awb-padding-top:12px;--awb-bg-size:cover;--awb-width-large:60%;--awb-margin-top-large:0px;--awb-spacing-right-large:3.2%;--awb-margin-bottom-large:21px;--awb-spacing-left-large:3.2%;--awb-width-medium:60%;--awb-order-medium:0;--awb-spacing-right-medium:3.2%;--awb-spacing-left-medium:3.2%;--awb-width-small:100%;--awb-order-small:0;--awb-spacing-right-small:1.92%;--awb-spacing-left-small:1.92%;\"><div class=\"fusion-column-wrapper fusion-column-has-shadow fusion-flex-justify-content-flex-start fusion-content-layout-column\"><div class=\"fusion-image-element \" style=\"--awb-caption-title-font-family:var(--h2_typography-font-family);--awb-caption-title-font-weight:var(--h2_typography-font-weight);--awb-caption-title-font-style:var(--h2_typography-font-style);--awb-caption-title-size:var(--h2_typography-font-size);--awb-caption-title-transform:var(--h2_typography-text-transform);--awb-caption-title-line-height:var(--h2_typography-line-height);--awb-caption-title-letter-spacing:var(--h2_typography-letter-spacing);\"><span class=\" fusion-imageframe imageframe-none imageframe-1 hover-type-none\"><img decoding=\"async\" width=\"1137\" height=\"705\" title=\"Smart l\u00f6sningar med text, facebook\" src=\"\/wp-content\/uploads\/Smart-losningar-med-text-facebook.png\" alt class=\"img-responsive wp-image-5816\" srcset=\"\/wp-content\/uploads\/Smart-losningar-med-text-facebook-200x124.png 200w, \/wp-content\/uploads\/Smart-losningar-med-text-facebook-400x248.png 400w, \/wp-content\/uploads\/Smart-losningar-med-text-facebook-600x372.png 600w, \/wp-content\/uploads\/Smart-losningar-med-text-facebook-800x496.png 800w, \/wp-content\/uploads\/Smart-losningar-med-text-facebook.png 1137w\" sizes=\"(max-width: 640px) 100vw, 600px\" \/><\/span><\/div><nav class=\"fusion-breadcrumbs awb-yoast-breadcrumbs fusion-breadcrumbs-1\" style=\"--awb-breadcrumb-sep:&#039;\/&#039;;\" aria-label=\"Breadcrumb\"><ol class=\"awb-breadcrumb-list\"><li class=\"fusion-breadcrumb-item awb-breadcrumb-sep awb-home\" ><a href=\"https:\/\/www.cleverapps.se\/no\/\" class=\"fusion-breadcrumb-link\"><span >Home<\/span><\/a><\/li><\/ol><\/nav><div class=\"fusion-text fusion-text-1\"><\/div><div class=\"fusion-title title fusion-title-1 fusion-title-text fusion-title-size-two\" style=\"--awb-margin-bottom:0px;\"><div class=\"title-sep-container title-sep-container-left fusion-no-large-visibility fusion-no-medium-visibility fusion-no-small-visibility\"><div class=\"title-sep sep- sep-solid\" style=\"border-color:#e0dede;\"><\/div><\/div><span class=\"awb-title-spacer fusion-no-large-visibility fusion-no-medium-visibility fusion-no-small-visibility\"><\/span><h2 class=\"fusion-title-heading title-heading-left fusion-responsive-typography-calculated\" style=\"margin:0;--fontSize:14;--minFontSize:14;line-height:1.4;\">Om CleverApps<\/h2><span class=\"awb-title-spacer\"><\/span><div class=\"title-sep-container title-sep-container-right\"><div class=\"title-sep sep- sep-solid\" style=\"border-color:#e0dede;\"><\/div><\/div><\/div><div class=\"fusion-text fusion-text-2\"><p>CleverApps er et detaljhandelssystem for detaljhandlere av detaljhandlere. Det hele startet i 1997, med en id\u00e9 om et nytt og mer effektivt forretningssystem for detaljhandelen. Sammen med en systemleverand\u00f8r ble det utviklet et RMS som har blitt brukt av mange ledende butikkjeder i Sverige i tjue \u00e5r. I 2015 var det p\u00e5 tide \u00e5 skape et nytt og mer moderne system, og dermed ble CleverApps grunnlagt.   <\/p>\n<p><strong>F\u00e5 en bedre arbeidsflyt<br \/><\/strong>Sammen har vi i CleverApps lang erfaring innen detaljhandel og systemutvikling. Derfor vet vi hva som skal til for \u00e5 gi deg en bedre arbeidsflyt og \u00f8kt l\u00f8nnsomhet. V\u00e5rt m\u00e5l er \u00e5 gj\u00f8re virksomheten din s\u00e5 effektiv som mulig gjennom smarte funksjoner &#8211; det skal v\u00e6re enkelt \u00e5 drive forretning. Systemet gir deg oversikt og kontroll over alt fra innkj\u00f8p til salg.   <\/p>\n<p><strong>CleverApps som et knutepunkt<\/strong><br \/>I dag administrerer mange forhandlere fortsatt virksomheten sin manuelt. Vi jobber for \u00e5 sikre at s\u00e5 mye av arbeidsflyten som mulig er automatisert og smidig. Samtidig \u00f8nsker vi \u00e5 koble deg og butikken din med de leverand\u00f8rene du trenger. CleverApps samhandler blant annet med ulike POS-systemer (Point-of-Sale), e-handelsnettsteder og markedsplasser. Derfor starter vi ofte nye partnerskap for \u00e5 gj\u00f8re det enklere for deg \u00e5 selge gjennom flere kanaler, kjent som omnichannel. P\u00e5 denne m\u00e5ten kan vi skape de beste l\u00f8sningene for deg som kunde. Det spiller ingen rolle om du er et varemerke, har \u00e9n salgskanal eller flere &#8211; CleverApps er et system for deg.      <\/p>\n<\/div><div class=\"fusion-builder-row fusion-builder-row-inner fusion-row fusion-flex-align-items-flex-start fusion-flex-content-wrap\" style=\"width:104% !important;max-width:104% !important;margin-left: calc(-4% \/ 2 );margin-right: calc(-4% \/ 2 );\"><div class=\"fusion-layout-column fusion_builder_column_inner fusion-builder-nested-column-0 fusion_builder_column_inner_1_3 1_3 fusion-flex-column\" style=\"--awb-bg-size:cover;--awb-width-large:33.333333333333%;--awb-margin-top-large:0px;--awb-spacing-right-large:5.76%;--awb-margin-bottom-large:20px;--awb-spacing-left-large:5.76%;--awb-width-medium:33.333333333333%;--awb-order-medium:0;--awb-spacing-right-medium:5.76%;--awb-spacing-left-medium:5.76%;--awb-width-small:100%;--awb-order-small:0;--awb-spacing-right-small:1.92%;--awb-spacing-left-small:1.92%;\"><div class=\"fusion-column-wrapper fusion-column-has-shadow fusion-flex-justify-content-flex-start fusion-content-layout-column\"><div style=\"text-align:center;\"><a class=\"fusion-button button-flat fusion-button-default-size button-default fusion-button-default button-1 fusion-button-default-span fusion-button-default-type\" target=\"_self\" href=\"https:\/\/cleverapps.se\/no\/hva-er-det-vi-gjor\/cleverapps-erp-system\/\"><span class=\"fusion-button-text awb-button__text awb-button__text--default\">RMS forretningssystem<\/span><\/a><\/div>\n<\/div><\/div><div class=\"fusion-layout-column fusion_builder_column_inner fusion-builder-nested-column-1 fusion_builder_column_inner_1_3 1_3 fusion-flex-column\" style=\"--awb-bg-size:cover;--awb-width-large:33.333333333333%;--awb-margin-top-large:0px;--awb-spacing-right-large:5.76%;--awb-margin-bottom-large:20px;--awb-spacing-left-large:5.76%;--awb-width-medium:33.333333333333%;--awb-order-medium:0;--awb-spacing-right-medium:5.76%;--awb-spacing-left-medium:5.76%;--awb-width-small:100%;--awb-order-small:0;--awb-spacing-right-small:1.92%;--awb-spacing-left-small:1.92%;\"><div class=\"fusion-column-wrapper fusion-column-has-shadow fusion-flex-justify-content-flex-start fusion-content-layout-column\"><div style=\"text-align:center;\"><a class=\"fusion-button button-flat fusion-button-default-size button-default fusion-button-default button-2 fusion-button-default-span fusion-button-default-type\" target=\"_self\" href=\"https:\/\/cleverapps.se\/no\/hva-er-det-vi-gjor\/cleverapps-kundeklubb-og-gavekort\/\"><span class=\"fusion-button-text awb-button__text awb-button__text--default\">CRM-kundeklubb<\/span><\/a><\/div>\n<\/div><\/div><div class=\"fusion-layout-column fusion_builder_column_inner fusion-builder-nested-column-2 fusion_builder_column_inner_1_3 1_3 fusion-flex-column\" style=\"--awb-bg-size:cover;--awb-width-large:33.333333333333%;--awb-margin-top-large:0px;--awb-spacing-right-large:5.76%;--awb-margin-bottom-large:20px;--awb-spacing-left-large:5.76%;--awb-width-medium:33.333333333333%;--awb-order-medium:0;--awb-spacing-right-medium:5.76%;--awb-spacing-left-medium:5.76%;--awb-width-small:100%;--awb-order-small:0;--awb-spacing-right-small:1.92%;--awb-spacing-left-small:1.92%;\"><div class=\"fusion-column-wrapper fusion-column-has-shadow fusion-flex-justify-content-flex-start fusion-content-layout-column\"><div style=\"text-align:center;\"><a class=\"fusion-button button-flat fusion-button-default-size button-default fusion-button-default button-3 fusion-button-default-span fusion-button-default-type\" target=\"_self\" href=\"https:\/\/cleverapps.se\/no\/hva-er-det-vi-gjor\/cleverapps-kundeklubb-og-gavekort\/#presentkort\"><span class=\"fusion-button-text awb-button__text awb-button__text--default\">Gavekort<\/span><\/a><\/div>\n<\/div><\/div><\/div>\n<\/div><\/div><div class=\"fusion-layout-column fusion_builder_column fusion-builder-column-2 fusion_builder_column_1_5 1_5 fusion-flex-column fusion-no-small-visibility fusion-no-medium-visibility\" style=\"--awb-bg-size:cover;--awb-width-large:20%;--awb-margin-top-large:0px;--awb-spacing-right-large:9.6%;--awb-margin-bottom-large:20px;--awb-spacing-left-large:9.6%;--awb-width-medium:20%;--awb-order-medium:0;--awb-spacing-right-medium:9.6%;--awb-spacing-left-medium:9.6%;--awb-width-small:100%;--awb-order-small:0;--awb-spacing-right-small:1.92%;--awb-spacing-left-small:1.92%;\"><div class=\"fusion-column-wrapper fusion-column-has-shadow fusion-flex-justify-content-flex-start fusion-content-layout-column\"><\/div><\/div><\/div><\/div><div class=\"fusion-fullwidth fullwidth-box fusion-builder-row-2 fusion-flex-container hundred-percent-fullwidth non-hundred-percent-height-scrolling contact-form\" style=\"--awb-border-radius-top-left:0px;--awb-border-radius-top-right:0px;--awb-border-radius-bottom-right:0px;--awb-border-radius-bottom-left:0px;--awb-flex-wrap:wrap;\" id=\"kontakt\" ><div class=\"fusion-builder-row fusion-row fusion-flex-align-items-flex-start fusion-flex-content-wrap\" style=\"width:104% !important;max-width:104% !important;margin-left: calc(-4% \/ 2 );margin-right: calc(-4% \/ 2 );\"><div class=\"fusion-layout-column fusion_builder_column fusion-builder-column-3 fusion_builder_column_1_1 1_1 fusion-flex-column\" style=\"--awb-bg-size:cover;--awb-width-large:100%;--awb-margin-top-large:0px;--awb-spacing-right-large:1.92%;--awb-margin-bottom-large:20px;--awb-spacing-left-large:1.92%;--awb-width-medium:100%;--awb-spacing-right-medium:1.92%;--awb-spacing-left-medium:1.92%;--awb-width-small:100%;--awb-spacing-right-small:1.92%;--awb-spacing-left-small:1.92%;\"><div class=\"fusion-column-wrapper fusion-column-has-shadow fusion-flex-justify-content-flex-start fusion-content-layout-column\"><div class=\"fusion-text fusion-text-3\"><h3 style=\"color: #1fc3c9; margin-bottom: 4rem;\" data-fontsize=\"48\" data-lineheight=\"72\">Jeg er interessert!<\/h3>\n<\/div>\n<div class=\"wpcf7 no-js\" id=\"wpcf7-f6325-o1\" lang=\"nb-NO\" dir=\"ltr\" data-wpcf7-id=\"6325\">\n<div class=\"screen-reader-response\"><p role=\"status\" aria-live=\"polite\" aria-atomic=\"true\"><\/p> <ul><\/ul><\/div>\n<form action=\"\/no\/wp-json\/wp\/v2\/pages\/6027#wpcf7-f6325-o1\" method=\"post\" class=\"wpcf7-form init\" aria-label=\"Kontaktskjema\" novalidate=\"novalidate\" data-status=\"init\">\n<fieldset class=\"hidden-fields-container\"><input type=\"hidden\" name=\"_wpcf7\" value=\"6325\" \/><input type=\"hidden\" name=\"_wpcf7_version\" value=\"6.1.5\" \/><input type=\"hidden\" name=\"_wpcf7_locale\" value=\"nb_NO\" \/><input type=\"hidden\" name=\"_wpcf7_unit_tag\" value=\"wpcf7-f6325-o1\" \/><input type=\"hidden\" name=\"_wpcf7_container_post\" value=\"0\" \/><input type=\"hidden\" name=\"_wpcf7_posted_data_hash\" value=\"\" \/><input type=\"hidden\" name=\"_wpcf7_recaptcha_response\" value=\"\" \/>\n<\/fieldset>\n<div class=\"contact-form-wrapper\">\n\t<div class=\"input-holder full\">\n\t\t<p><span class=\"wpcf7-form-control-wrap\" data-name=\"your-company\"><input size=\"40\" maxlength=\"400\" class=\"wpcf7-form-control wpcf7-text wpcf7-validates-as-required\" aria-required=\"true\" aria-invalid=\"false\" value=\"Firmanavn\" type=\"text\" name=\"your-company\" \/><\/span>\n\t\t<\/p>\n\t<\/div>\n\t<div class=\"input-holder half\">\n\t\t<div class=\"input\">\n\t\t\t<p><span class=\"wpcf7-form-control-wrap\" data-name=\"your-name\"><input size=\"40\" maxlength=\"400\" class=\"wpcf7-form-control wpcf7-text wpcf7-validates-as-required\" aria-required=\"true\" aria-invalid=\"false\" placeholder=\"Fornavn\" value=\"\" type=\"text\" name=\"your-name\" \/><\/span>\n\t\t\t<\/p>\n\t\t<\/div>\n\t\t<div class=\"input\">\n\t\t\t<p><span class=\"wpcf7-form-control-wrap\" data-name=\"your-surname\"><input size=\"40\" maxlength=\"400\" class=\"wpcf7-form-control wpcf7-text wpcf7-validates-as-required\" aria-required=\"true\" aria-invalid=\"false\" placeholder=\"Etternavn\" value=\"\" type=\"text\" name=\"your-surname\" \/><\/span>\n\t\t\t<\/p>\n\t\t<\/div>\n\t<\/div>\n\t<div class=\"input-holder half\">\n\t\t<div class=\"input\">\n\t\t\t<p><span class=\"wpcf7-form-control-wrap\" data-name=\"din-email\"><input size=\"40\" maxlength=\"400\" class=\"wpcf7-form-control wpcf7-email wpcf7-validates-as-required wpcf7-text wpcf7-validates-as-email\" aria-required=\"true\" aria-invalid=\"false\" value=\"E-post\" type=\"email\" name=\"din-email\" \/><\/span>\n\t\t\t<\/p>\n\t\t<\/div>\n\t\t<div class=\"input\">\n\t\t\t<p><span class=\"wpcf7-form-control-wrap\" data-name=\"din-telefon\"><input size=\"40\" maxlength=\"400\" class=\"wpcf7-form-control wpcf7-tel wpcf7-validates-as-required wpcf7-text wpcf7-validates-as-tel\" aria-required=\"true\" aria-invalid=\"false\" value=\"Telefon\" type=\"tel\" name=\"din-telefon\" \/><\/span>\n\t\t\t<\/p>\n\t\t<\/div>\n\t<\/div>\n\t<div class=\"submit-wrapper\">\n\t\t<p><input class=\"wpcf7-form-control wpcf7-submit has-spinner button-default fusion-button\" type=\"submit\" value=\"Kontakt meg\" \/><br \/>\n[svar]\n\t\t<\/p>\n\t<\/div>\n<\/div><div class=\"fusion-alert alert custom alert-custom fusion-alert-center wpcf7-response-output awb-alert-native-link-color alert-dismissable awb-alert-close-boxed\" style=\"--awb-border-top-left-radius:0px;--awb-border-top-right-radius:0px;--awb-border-bottom-left-radius:0px;--awb-border-bottom-right-radius:0px;\" role=\"alert\"><div class=\"fusion-alert-content-wrapper\"><span class=\"fusion-alert-content\"><\/span><\/div><button type=\"button\" class=\"close toggle-alert\" data-dismiss=\"alert\" aria-label=\"Close\">&times;<\/button><\/div>\n<\/form>\n<\/div>\n<\/div><\/div><\/div><\/div><\/p>\n","protected":false},"excerpt":{"rendered":"","protected":false},"author":3,"featured_media":0,"parent":0,"menu_order":0,"comment_status":"closed","ping_status":"closed","template":"100-width.php","meta":{"footnotes":""},"class_list":["post-6027","page","type-page","status-publish","hentry"],"yoast_head":"<!-- This site is optimized with the Yoast SEO plugin v27.3 - https:\/\/yoast.com\/product\/yoast-seo-wordpress\/ -->\n<title>Om oss - CleverApps<\/title>\n<meta name=\"description\" content=\"CleverApps er et detaljhandelsadministrasjonssystem for kj\u00f8pmenn av kj\u00f8pmenn. Det spiller ingen rolle om du er et varemerke, har \u00e9n salgskanal eller flere - CleverApps er et system for deg.\" \/>\n<meta name=\"robots\" content=\"index, follow, max-snippet:-1, max-image-preview:large, max-video-preview:-1\" \/>\n<link rel=\"canonical\" href=\"https:\/\/www.cleverapps.se\/no\/om-oss\/\" \/>\n<meta property=\"og:locale\" content=\"nb_NO\" \/>\n<meta property=\"og:type\" content=\"article\" \/>\n<meta property=\"og:title\" content=\"Om oss - CleverApps\" \/>\n<meta property=\"og:description\" content=\"CleverApps er et detaljhandelsadministrasjonssystem for kj\u00f8pmenn av kj\u00f8pmenn. Det spiller ingen rolle om du er et varemerke, har \u00e9n salgskanal eller flere - CleverApps er et system for deg.\" \/>\n<meta property=\"og:url\" content=\"https:\/\/www.cleverapps.se\/no\/om-oss\/\" \/>\n<meta property=\"og:site_name\" content=\"CleverApps\" \/>\n<meta property=\"article:publisher\" content=\"https:\/\/www.facebook.com\/CleverApps.se\" \/>\n<meta property=\"article:modified_time\" content=\"2026-04-07T11:07:10+00:00\" \/>\n<meta name=\"twitter:card\" content=\"summary_large_image\" \/>\n<meta name=\"twitter:label1\" content=\"Ansl. lesetid\" \/>\n\t<meta name=\"twitter:data1\" content=\"7 minutter\" \/>\n<script type=\"application\/ld+json\" class=\"yoast-schema-graph\">{\"@context\":\"https:\\\/\\\/schema.org\",\"@graph\":[{\"@type\":\"WebPage\",\"@id\":\"https:\\\/\\\/www.cleverapps.se\\\/no\\\/om-oss\\\/\",\"url\":\"https:\\\/\\\/www.cleverapps.se\\\/no\\\/om-oss\\\/\",\"name\":\"Om oss - CleverApps\",\"isPartOf\":{\"@id\":\"https:\\\/\\\/pdwxmhansen-integration.cleverapps.se\\\/no\\\/#website\"},\"datePublished\":\"2018-10-21T17:11:34+00:00\",\"dateModified\":\"2026-04-07T11:07:10+00:00\",\"description\":\"CleverApps er et detaljhandelsadministrasjonssystem for kj\u00f8pmenn av kj\u00f8pmenn. Det spiller ingen rolle om du er et varemerke, har \u00e9n salgskanal eller flere - CleverApps er et system for deg.\",\"breadcrumb\":{\"@id\":\"https:\\\/\\\/www.cleverapps.se\\\/no\\\/om-oss\\\/#breadcrumb\"},\"inLanguage\":\"nb-NO\",\"potentialAction\":[{\"@type\":\"ReadAction\",\"target\":[\"https:\\\/\\\/www.cleverapps.se\\\/no\\\/om-oss\\\/\"]}]},{\"@type\":\"BreadcrumbList\",\"@id\":\"https:\\\/\\\/www.cleverapps.se\\\/no\\\/om-oss\\\/#breadcrumb\",\"itemListElement\":[{\"@type\":\"ListItem\",\"position\":1,\"name\":\"Hem\",\"item\":\"https:\\\/\\\/pdwxmhansen-integration.cleverapps.se\\\/no\\\/\"},{\"@type\":\"ListItem\",\"position\":2,\"name\":\"Om oss\"}]},{\"@type\":\"WebSite\",\"@id\":\"https:\\\/\\\/pdwxmhansen-integration.cleverapps.se\\\/no\\\/#website\",\"url\":\"https:\\\/\\\/pdwxmhansen-integration.cleverapps.se\\\/no\\\/\",\"name\":\"CleverApps\",\"description\":\"Framtidens Retail Management System\\\/Butiksdatasystem\",\"publisher\":{\"@id\":\"https:\\\/\\\/pdwxmhansen-integration.cleverapps.se\\\/no\\\/#organization\"},\"potentialAction\":[{\"@type\":\"SearchAction\",\"target\":{\"@type\":\"EntryPoint\",\"urlTemplate\":\"https:\\\/\\\/pdwxmhansen-integration.cleverapps.se\\\/no\\\/?s={search_term_string}\"},\"query-input\":{\"@type\":\"PropertyValueSpecification\",\"valueRequired\":true,\"valueName\":\"search_term_string\"}}],\"inLanguage\":\"nb-NO\"},{\"@type\":\"Organization\",\"@id\":\"https:\\\/\\\/pdwxmhansen-integration.cleverapps.se\\\/no\\\/#organization\",\"name\":\"Cleverapps Sweden AB\",\"alternateName\":\"CleverApps\",\"url\":\"https:\\\/\\\/pdwxmhansen-integration.cleverapps.se\\\/no\\\/\",\"logo\":{\"@type\":\"ImageObject\",\"inLanguage\":\"nb-NO\",\"@id\":\"https:\\\/\\\/pdwxmhansen-integration.cleverapps.se\\\/no\\\/#\\\/schema\\\/logo\\\/image\\\/\",\"url\":\"\\\/wp-content\\\/uploads\\\/CleverApps-svart.png\",\"contentUrl\":\"\\\/wp-content\\\/uploads\\\/CleverApps-svart.png\",\"width\":1016,\"height\":242,\"caption\":\"Cleverapps Sweden AB\"},\"image\":{\"@id\":\"https:\\\/\\\/pdwxmhansen-integration.cleverapps.se\\\/no\\\/#\\\/schema\\\/logo\\\/image\\\/\"},\"sameAs\":[\"https:\\\/\\\/www.facebook.com\\\/CleverApps.se\",\"https:\\\/\\\/www.linkedin.com\\\/company\\\/cleverappsswedenab\\\/\"]}]}<\/script>\n<!-- \/ Yoast SEO plugin. -->","yoast_head_json":{"title":"Om oss - CleverApps","description":"CleverApps er et detaljhandelsadministrasjonssystem for kj\u00f8pmenn av kj\u00f8pmenn. Det spiller ingen rolle om du er et varemerke, har \u00e9n salgskanal eller flere - CleverApps er et system for deg.","robots":{"index":"index","follow":"follow","max-snippet":"max-snippet:-1","max-image-preview":"max-image-preview:large","max-video-preview":"max-video-preview:-1"},"canonical":"https:\/\/www.cleverapps.se\/no\/om-oss\/","og_locale":"nb_NO","og_type":"article","og_title":"Om oss - CleverApps","og_description":"CleverApps er et detaljhandelsadministrasjonssystem for kj\u00f8pmenn av kj\u00f8pmenn. Det spiller ingen rolle om du er et varemerke, har \u00e9n salgskanal eller flere - CleverApps er et system for deg.","og_url":"https:\/\/www.cleverapps.se\/no\/om-oss\/","og_site_name":"CleverApps","article_publisher":"https:\/\/www.facebook.com\/CleverApps.se","article_modified_time":"2026-04-07T11:07:10+00:00","twitter_card":"summary_large_image","twitter_misc":{"Ansl. lesetid":"7 minutter"},"schema":{"@context":"https:\/\/schema.org","@graph":[{"@type":"WebPage","@id":"https:\/\/www.cleverapps.se\/no\/om-oss\/","url":"https:\/\/www.cleverapps.se\/no\/om-oss\/","name":"Om oss - CleverApps","isPartOf":{"@id":"https:\/\/pdwxmhansen-integration.cleverapps.se\/no\/#website"},"datePublished":"2018-10-21T17:11:34+00:00","dateModified":"2026-04-07T11:07:10+00:00","description":"CleverApps er et detaljhandelsadministrasjonssystem for kj\u00f8pmenn av kj\u00f8pmenn. Det spiller ingen rolle om du er et varemerke, har \u00e9n salgskanal eller flere - CleverApps er et system for deg.","breadcrumb":{"@id":"https:\/\/www.cleverapps.se\/no\/om-oss\/#breadcrumb"},"inLanguage":"nb-NO","potentialAction":[{"@type":"ReadAction","target":["https:\/\/www.cleverapps.se\/no\/om-oss\/"]}]},{"@type":"BreadcrumbList","@id":"https:\/\/www.cleverapps.se\/no\/om-oss\/#breadcrumb","itemListElement":[{"@type":"ListItem","position":1,"name":"Hem","item":"https:\/\/pdwxmhansen-integration.cleverapps.se\/no\/"},{"@type":"ListItem","position":2,"name":"Om oss"}]},{"@type":"WebSite","@id":"https:\/\/pdwxmhansen-integration.cleverapps.se\/no\/#website","url":"https:\/\/pdwxmhansen-integration.cleverapps.se\/no\/","name":"CleverApps","description":"Framtidens Retail Management System\/Butiksdatasystem","publisher":{"@id":"https:\/\/pdwxmhansen-integration.cleverapps.se\/no\/#organization"},"potentialAction":[{"@type":"SearchAction","target":{"@type":"EntryPoint","urlTemplate":"https:\/\/pdwxmhansen-integration.cleverapps.se\/no\/?s={search_term_string}"},"query-input":{"@type":"PropertyValueSpecification","valueRequired":true,"valueName":"search_term_string"}}],"inLanguage":"nb-NO"},{"@type":"Organization","@id":"https:\/\/pdwxmhansen-integration.cleverapps.se\/no\/#organization","name":"Cleverapps Sweden AB","alternateName":"CleverApps","url":"https:\/\/pdwxmhansen-integration.cleverapps.se\/no\/","logo":{"@type":"ImageObject","inLanguage":"nb-NO","@id":"https:\/\/pdwxmhansen-integration.cleverapps.se\/no\/#\/schema\/logo\/image\/","url":"\/wp-content\/uploads\/CleverApps-svart.png","contentUrl":"\/wp-content\/uploads\/CleverApps-svart.png","width":1016,"height":242,"caption":"Cleverapps Sweden AB"},"image":{"@id":"https:\/\/pdwxmhansen-integration.cleverapps.se\/no\/#\/schema\/logo\/image\/"},"sameAs":["https:\/\/www.facebook.com\/CleverApps.se","https:\/\/www.linkedin.com\/company\/cleverappsswedenab\/"]}]}},"_links":{"self":[{"href":"https:\/\/www.cleverapps.se\/no\/wp-json\/wp\/v2\/pages\/6027","targetHints":{"allow":["GET"]}}],"collection":[{"href":"https:\/\/www.cleverapps.se\/no\/wp-json\/wp\/v2\/pages"}],"about":[{"href":"https:\/\/www.cleverapps.se\/no\/wp-json\/wp\/v2\/types\/page"}],"author":[{"embeddable":true,"href":"https:\/\/www.cleverapps.se\/no\/wp-json\/wp\/v2\/users\/3"}],"replies":[{"embeddable":true,"href":"https:\/\/www.cleverapps.se\/no\/wp-json\/wp\/v2\/comments?post=6027"}],"version-history":[{"count":1,"href":"https:\/\/www.cleverapps.se\/no\/wp-json\/wp\/v2\/pages\/6027\/revisions"}],"predecessor-version":[{"id":6032,"href":"https:\/\/www.cleverapps.se\/no\/wp-json\/wp\/v2\/pages\/6027\/revisions\/6032"}],"wp:attachment":[{"href":"https:\/\/www.cleverapps.se\/no\/wp-json\/wp\/v2\/media?parent=6027"}],"curies":[{"name":"wp","href":"https:\/\/api.w.org\/{rel}","templated":true}]}}