{"id":6019,"date":"2020-11-27T12:17:29","date_gmt":"2020-11-27T11:17:29","guid":{"rendered":"https:\/\/cleverapps.se\/hva-er-nytt\/"},"modified":"2025-08-12T13:25:48","modified_gmt":"2025-08-12T11:25:48","slug":"hva-er-nytt","status":"publish","type":"page","link":"https:\/\/www.cleverapps.se\/no\/hva-er-nytt\/","title":{"rendered":"Nyheter"},"content":{"rendered":"<p><div class=\"fusion-fullwidth fullwidth-box fusion-builder-row-1 fusion-flex-container has-pattern-background has-mask-background nonhundred-percent-fullwidth non-hundred-percent-height-scrolling\" style=\"--awb-border-radius-top-left:0px;--awb-border-radius-top-right:0px;--awb-border-radius-bottom-right:0px;--awb-border-radius-bottom-left:0px;--awb-padding-bottom:0px;--awb-flex-wrap:wrap;\" ><div class=\"fusion-builder-row fusion-row fusion-flex-align-items-flex-start fusion-flex-justify-content-center fusion-flex-content-wrap\" style=\"max-width:1040px;margin-left: calc(-4% \/ 2 );margin-right: calc(-4% \/ 2 );\"><div class=\"fusion-layout-column fusion_builder_column fusion-builder-column-0 fusion_builder_column_2_3 2_3 fusion-flex-column\" style=\"--awb-bg-size:cover;--awb-width-large:66.666666666667%;--awb-margin-top-large:0px;--awb-spacing-right-large:2.88%;--awb-margin-bottom-large:20px;--awb-spacing-left-large:2.88%;--awb-width-medium:66.666666666667%;--awb-order-medium:0;--awb-spacing-right-medium:2.88%;--awb-spacing-left-medium:2.88%;--awb-width-small:100%;--awb-order-small:0;--awb-spacing-right-small:1.92%;--awb-spacing-left-small:1.92%;\"><div class=\"fusion-column-wrapper fusion-column-has-shadow fusion-flex-justify-content-flex-start fusion-content-layout-column\"><div class=\"fusion-text fusion-text-1\"><h1 style=\"text-align: center;\">Nyheter<\/h1>\n<p>Her deler vi det siste innen v\u00e5rt ERP-system, kundeklubb, smarte kassel\u00f8sninger og hvordan du kan effektivisere butikken din ved hjelp av CleverApps. F\u00e5 nyheter, produktoppdateringer, tips, kundecases og innsikt som hjelper deg med \u00e5 drive en smartere og mer l\u00f8nnsom virksomhet.<\/p>\n<\/div><\/div><\/div><div class=\"fusion-layout-column fusion_builder_column fusion-builder-column-1 fusion_builder_column_1_4 1_4 fusion-flex-column\" style=\"--awb-padding-bottom:0px;--awb-bg-size:cover;--awb-width-large:25%;--awb-margin-top-large:0px;--awb-spacing-right-large:7.68%;--awb-margin-bottom-large:0px;--awb-spacing-left-large:7.68%;--awb-width-medium:25%;--awb-order-medium:0;--awb-spacing-right-medium:7.68%;--awb-spacing-left-medium:7.68%;--awb-width-small:100%;--awb-order-small:0;--awb-spacing-right-small:1.92%;--awb-spacing-left-small:1.92%;\"><div class=\"fusion-column-wrapper fusion-column-has-shadow fusion-flex-justify-content-flex-start fusion-content-layout-column\"><div class=\"fusion-image-carousel fusion-image-carousel-auto fusion-image-carousel-1 fusion-no-small-visibility fusion-no-medium-visibility fusion-carousel-border\" style=\"margin-top:25px;\"><div class=\"awb-carousel awb-swiper awb-swiper-carousel awb-carousel--carousel awb-swiper-dots-position-bottom\" data-layout=\"carousel\" data-autoplay=\"yes\" data-autoplayspeed=\"2500\" data-autoplaypause=\"no\" data-columns=\"1\" data-columnsmedium=\"1\" data-columnssmall=\"1\" data-itemmargin=\"13\" data-itemwidth=\"180\" data-touchscroll=\"no\" data-freemode=\"no\" data-imagesize=\"auto\" data-scrollitems=\"0\" data-centeredslides=\"no\" data-rotationangle=\"50\" data-depth=\"100\" data-speed=\"500\" data-shadow=\"no\" data-pagination=\"bullets\" style=\"--awb-columns:1;--awb-border-width:1px;--awb-border-color:#e9eaee;\"><div class=\"swiper-wrapper awb-image-carousel-wrapper fusion-flex-align-items-flex-start\"><div class=\"swiper-slide\"><div class=\"fusion-carousel-item-wrapper\"><div class=\"fusion-image-wrapper hover-type-none\"><img decoding=\"async\" width=\"2160\" height=\"2160\" src=\"\/wp-content\/uploads\/clever_apps_view_1-sq.jpg\" class=\"attachment-full size-full\" alt=\"\" srcset=\"\/wp-content\/uploads\/clever_apps_view_1-sq-66x66.jpg 66w, \/wp-content\/uploads\/clever_apps_view_1-sq-150x150.jpg 150w, \/wp-content\/uploads\/clever_apps_view_1-sq-200x200.jpg 200w, \/wp-content\/uploads\/clever_apps_view_1-sq-300x300.jpg 300w, \/wp-content\/uploads\/clever_apps_view_1-sq-400x400.jpg 400w, \/wp-content\/uploads\/clever_apps_view_1-sq-600x600.jpg 600w, \/wp-content\/uploads\/clever_apps_view_1-sq-768x768.jpg 768w, \/wp-content\/uploads\/clever_apps_view_1-sq-800x800.jpg 800w, \/wp-content\/uploads\/clever_apps_view_1-sq-1024x1024.jpg 1024w, \/wp-content\/uploads\/clever_apps_view_1-sq-1200x1200.jpg 1200w, \/wp-content\/uploads\/clever_apps_view_1-sq-1536x1536.jpg 1536w, \/wp-content\/uploads\/clever_apps_view_1-sq.jpg 2160w\" sizes=\"(max-width: 2160px) 100vw, 2160px\" \/><\/div><\/div><\/div><div class=\"swiper-slide\"><div class=\"fusion-carousel-item-wrapper\"><div class=\"fusion-image-wrapper hover-type-none\"><img decoding=\"async\" width=\"1440\" height=\"1440\" src=\"\/wp-content\/uploads\/clever_apps_view_1-sq4.jpg\" class=\"attachment-full size-full\" alt=\"\" srcset=\"\/wp-content\/uploads\/clever_apps_view_1-sq4-66x66.jpg 66w, \/wp-content\/uploads\/clever_apps_view_1-sq4-150x150.jpg 150w, \/wp-content\/uploads\/clever_apps_view_1-sq4-200x200.jpg 200w, \/wp-content\/uploads\/clever_apps_view_1-sq4-300x300.jpg 300w, \/wp-content\/uploads\/clever_apps_view_1-sq4-400x400.jpg 400w, \/wp-content\/uploads\/clever_apps_view_1-sq4-600x600.jpg 600w, \/wp-content\/uploads\/clever_apps_view_1-sq4-768x768.jpg 768w, \/wp-content\/uploads\/clever_apps_view_1-sq4-800x800.jpg 800w, \/wp-content\/uploads\/clever_apps_view_1-sq4-1024x1024.jpg 1024w, \/wp-content\/uploads\/clever_apps_view_1-sq4-1200x1200.jpg 1200w, \/wp-content\/uploads\/clever_apps_view_1-sq4.jpg 1440w\" sizes=\"(max-width: 1440px) 100vw, 1440px\" \/><\/div><\/div><\/div><div class=\"swiper-slide\"><div class=\"fusion-carousel-item-wrapper\"><div class=\"fusion-image-wrapper hover-type-none\"><img decoding=\"async\" width=\"2160\" height=\"2160\" src=\"\/wp-content\/uploads\/clever_apps_view_1-sq3.jpg\" class=\"attachment-full size-full\" alt=\"\" srcset=\"\/wp-content\/uploads\/clever_apps_view_1-sq3-66x66.jpg 66w, \/wp-content\/uploads\/clever_apps_view_1-sq3-150x150.jpg 150w, \/wp-content\/uploads\/clever_apps_view_1-sq3-200x200.jpg 200w, \/wp-content\/uploads\/clever_apps_view_1-sq3-300x300.jpg 300w, \/wp-content\/uploads\/clever_apps_view_1-sq3-400x400.jpg 400w, \/wp-content\/uploads\/clever_apps_view_1-sq3-600x600.jpg 600w, \/wp-content\/uploads\/clever_apps_view_1-sq3-768x768.jpg 768w, \/wp-content\/uploads\/clever_apps_view_1-sq3-800x800.jpg 800w, \/wp-content\/uploads\/clever_apps_view_1-sq3-1024x1024.jpg 1024w, \/wp-content\/uploads\/clever_apps_view_1-sq3-1200x1200.jpg 1200w, \/wp-content\/uploads\/clever_apps_view_1-sq3-1536x1536.jpg 1536w, \/wp-content\/uploads\/clever_apps_view_1-sq3.jpg 2160w\" sizes=\"(max-width: 2160px) 100vw, 2160px\" \/><\/div><\/div><\/div><div class=\"swiper-slide\"><div class=\"fusion-carousel-item-wrapper\"><div class=\"fusion-image-wrapper hover-type-none\"><img decoding=\"async\" width=\"1817\" height=\"1817\" src=\"\/wp-content\/uploads\/clever_apps_view_1-sq2.jpg\" class=\"attachment-full size-full\" alt=\"\" srcset=\"\/wp-content\/uploads\/clever_apps_view_1-sq2-66x66.jpg 66w, \/wp-content\/uploads\/clever_apps_view_1-sq2-150x150.jpg 150w, \/wp-content\/uploads\/clever_apps_view_1-sq2-200x200.jpg 200w, \/wp-content\/uploads\/clever_apps_view_1-sq2-300x300.jpg 300w, \/wp-content\/uploads\/clever_apps_view_1-sq2-400x400.jpg 400w, \/wp-content\/uploads\/clever_apps_view_1-sq2-600x600.jpg 600w, \/wp-content\/uploads\/clever_apps_view_1-sq2-768x768.jpg 768w, \/wp-content\/uploads\/clever_apps_view_1-sq2-800x800.jpg 800w, \/wp-content\/uploads\/clever_apps_view_1-sq2-1024x1024.jpg 1024w, \/wp-content\/uploads\/clever_apps_view_1-sq2-1200x1200.jpg 1200w, \/wp-content\/uploads\/clever_apps_view_1-sq2-1536x1536.jpg 1536w, \/wp-content\/uploads\/clever_apps_view_1-sq2.jpg 1817w\" sizes=\"(max-width: 1817px) 100vw, 1817px\" \/><\/div><\/div><\/div><\/div><\/div><\/div><\/div><\/div><div class=\"fusion-layout-column fusion_builder_column fusion-builder-column-2 fusion_builder_column_1_1 1_1 fusion-flex-column\" style=\"--awb-bg-size:cover;--awb-width-large:100%;--awb-margin-top-large:0px;--awb-spacing-right-large:1.92%;--awb-margin-bottom-large:20px;--awb-spacing-left-large:1.92%;--awb-width-medium:100%;--awb-order-medium:0;--awb-spacing-right-medium:1.92%;--awb-spacing-left-medium:1.92%;--awb-width-small:100%;--awb-order-small:0;--awb-spacing-right-small:1.92%;--awb-spacing-left-small:1.92%;\"><div class=\"fusion-column-wrapper fusion-column-has-shadow fusion-flex-justify-content-flex-start fusion-content-layout-column\"><div class=\"fusion-post-cards fusion-post-cards-1 fusion-grid-archive fusion-grid-columns-3\" style=\"--awb-column-spacing:25px;--awb-dots-align:center;--awb-columns:3;--awb-filters-color:var(--awb-color5);--awb-active-filter-border-size:0px;--awb-filters-height:35px;--awb-filters-alignment:center;--awb-row-spacing:25px;--awb-filters-font-family:var(--awb-typography5-font-family);--awb-filters-font-weight:var(--awb-typography5-font-weight);--awb-filters-font-style:var(--awb-typography5-font-style);--awb-filters-alignment-medium:flex-start;--awb-filters-alignment-small:flex-start;\"><div><ul class=\"fusion-filters\" role=\"menu\" aria-label=\"Post Filters\"><li role=\"presentation\" class=\"fusion-filter fusion-filter-all fusion-active\"><a href=\"#\" data-filter=\"*\" role=\"menuitem\">All<\/a><\/li><li role=\"presentation\" class=\"fusion-filter fusion-hidden\"><a href=\"#\" data-filter=\".okategoriserad\" role=\"menuitem\">Okategoriserad<\/a><\/li><li role=\"presentation\" class=\"fusion-filter fusion-hidden\"><a href=\"#\" data-filter=\".veiledning\" role=\"menuitem\">Veiledning<\/a><\/li><\/ul><\/div><ul class=\"fusion-grid fusion-grid-3 fusion-flex-align-items-stretch fusion-grid-posts-cards fusion-grid-container-infinite\" data-pages=\"1\"><li class=\"fusion-layout-column fusion_builder_column fusion-builder-column-3 fusion-flex-column fusion-column-inner-bg-wrapper fusion-column-liftup-border post-card fusion-grid-column fusion-post-cards-grid-column veiledning\" style=\"--awb-overflow:hidden;--awb-inner-bg-color:var(--awb-color2);--awb-inner-bg-color-hover:var(--awb-color2);--awb-inner-bg-size:cover;--awb-border-color:var(--awb-color3);--awb-inner-border-color:var(--awb-color3);--awb-border-top:1px;--awb-inner-border-top:1px;--awb-border-right:1px;--awb-inner-border-right:1px;--awb-border-bottom:1px;--awb-inner-border-bottom:1px;--awb-border-left:1px;--awb-inner-border-left:1px;--awb-border-style:solid;--awb-inner-border-style:solid;--awb-border-radius:5px 5px 5px 5px;--awb-liftup-border-radius:5px 5px 5px 5px;--awb-flex-grow:0;--awb-flex-shrink:0;--awb-flex-grow-medium:0;--awb-flex-shrink-medium:0;--awb-flex-grow-small:0;--awb-flex-shrink-small:0;\" data-scroll-devices=\"small-visibility,medium-visibility,large-visibility\"><span class=\"fusion-column-inner-bg hover-type-liftup\"><a class=\"fusion-column-anchor\" href=\"https:\/\/www.cleverapps.se\/no\/slik-velger-du-riktig-kassasystem-pos-for-butikken-din\/\"><span class=\"fusion-column-inner-bg-image\"><\/span><\/a><\/span><div class=\"fusion-column-wrapper fusion-flex-justify-content-flex-start fusion-content-layout-column\"><div class=\"fusion-image-element \" style=\"text-align:center;--awb-caption-title-font-family:var(--h2_typography-font-family);--awb-caption-title-font-weight:var(--h2_typography-font-weight);--awb-caption-title-font-style:var(--h2_typography-font-style);--awb-caption-title-size:var(--h2_typography-font-size);--awb-caption-title-transform:var(--h2_typography-text-transform);--awb-caption-title-line-height:var(--h2_typography-line-height);--awb-caption-title-letter-spacing:var(--h2_typography-letter-spacing);\"><span class=\" fusion-imageframe imageframe-none imageframe-1 hover-type-none\" style=\"border-radius:5px;\"><img decoding=\"async\" width=\"2000\" height=\"1269\" title=\"kassa-transaktioner\" src=\"\/wp-content\/uploads\/kassa-transaktioner.jpg\" alt class=\"img-responsive wp-image-5678\" srcset=\"\/wp-content\/uploads\/kassa-transaktioner-200x127.jpg 200w, \/wp-content\/uploads\/kassa-transaktioner-400x254.jpg 400w, \/wp-content\/uploads\/kassa-transaktioner-600x381.jpg 600w, \/wp-content\/uploads\/kassa-transaktioner-800x508.jpg 800w, \/wp-content\/uploads\/kassa-transaktioner-1200x761.jpg 1200w, \/wp-content\/uploads\/kassa-transaktioner.jpg 2000w\" sizes=\"(max-width: 640px) 100vw, 1200px\" \/><\/span><\/div><div class=\"fusion-builder-row fusion-builder-row-inner fusion-row fusion-flex-align-items-flex-start fusion-flex-justify-content-center fusion-flex-content-wrap\" style=\"width:104% !important;max-width:104% !important;margin-left: calc(-4% \/ 2 );margin-right: calc(-4% \/ 2 );\"><div class=\"fusion-layout-column fusion_builder_column_inner fusion-builder-nested-column-0 fusion_builder_column_inner_1_1 1_1 fusion-flex-column\" style=\"--awb-padding-top:25px;--awb-padding-right:25px;--awb-padding-left:25px;--awb-bg-size:cover;--awb-border-color:rgba(10,11,15,0.1);--awb-border-style:solid;--awb-width-large:100%;--awb-margin-top-large:0px;--awb-spacing-right-large:1.92%;--awb-margin-bottom-large:0px;--awb-spacing-left-large:1.92%;--awb-width-medium:100%;--awb-order-medium:0;--awb-spacing-right-medium:1.92%;--awb-spacing-left-medium:1.92%;--awb-width-small:100%;--awb-order-small:0;--awb-spacing-right-small:1.92%;--awb-spacing-left-small:1.92%;\"><div class=\"fusion-column-wrapper fusion-column-has-shadow fusion-flex-justify-content-flex-start fusion-content-layout-column fusion-content-nowrap\"><div class=\"fusion-text fusion-text-2 fusion-text-no-margin\" style=\"--awb-font-size:var(--awb-typography5-font-size);--awb-line-height:var(--awb-typography5-line-height);--awb-letter-spacing:var(--awb-typography5-letter-spacing);--awb-text-transform:var(--awb-typography5-text-transform);--awb-margin-bottom:5px;--awb-text-font-family:var(--awb-typography5-font-family);--awb-text-font-weight:var(--awb-typography5-font-weight);--awb-text-font-style:var(--awb-typography5-font-style);\"><p><a href=\"https:\/\/www.cleverapps.se\/no\/category\/veiledning\/\" title=\"Veiledning\">Veiledning<\/a><\/p>\n<\/div><div class=\"fusion-title title fusion-title-1 fusion-title-text fusion-title-size-two\" style=\"--awb-text-color:var(--awb-color8);--awb-margin-right:0px;--awb-margin-bottom:20px;--awb-margin-left:0px;--awb-margin-top-small:16px;--awb-text-stroke-color:var(--awb-color8);--awb-link-color:var(--awb-color7);--awb-link-hover-color:var(--awb-color8);--awb-font-size:var(--awb-typography2-font-size);\"><div class=\"title-sep-container title-sep-container-left fusion-no-large-visibility fusion-no-medium-visibility fusion-no-small-visibility\"><div class=\"title-sep sep- sep-solid\" style=\"border-color:#e0dede;\"><\/div><\/div><span class=\"awb-title-spacer fusion-no-large-visibility fusion-no-medium-visibility fusion-no-small-visibility\"><\/span><h2 class=\"fusion-title-heading title-heading-left fusion-responsive-typography-calculated\" style=\"margin:0;letter-spacing:var(--awb-typography2-letter-spacing);font-size:1em;--fontSize:24;line-height:var(--awb-typography2-line-height);\"><a href=\"https:\/\/www.cleverapps.se\/no\/slik-velger-du-riktig-kassasystem-pos-for-butikken-din\/\" class=\"awb-custom-text-color awb-custom-text-hover-color\" target=\"_self\">Slik velger du riktig kassasystem (POS) for butikken din<\/a><\/h2><span class=\"awb-title-spacer\"><\/span><div class=\"title-sep-container title-sep-container-right\"><div class=\"title-sep sep- sep-solid\" style=\"border-color:#e0dede;\"><\/div><\/div><\/div><div class=\"fusion-content-tb fusion-content-tb-1\" style=\"--awb-text-font-family:var(--awb-typography4-font-family);--awb-text-font-weight:var(--awb-typography4-font-weight);--awb-text-font-style:var(--awb-typography4-font-style);\"><p>   Hva m\u00e5 du tenke p\u00e5 n\u00e5r du skal velge et POS-system?  For en butikk<a href=\"https:\/\/www.cleverapps.se\/no\/slik-velger-du-riktig-kassasystem-pos-for-butikken-din\/\"> [...]<\/a><\/p><\/div><div class=\"fusion-text fusion-text-3\" style=\"--awb-font-size:var(--awb-typography5-font-size);--awb-line-height:var(--awb-typography5-line-height);--awb-letter-spacing:var(--awb-typography5-letter-spacing);--awb-text-transform:var(--awb-typography5-text-transform);--awb-text-font-family:&quot;Inter&quot;;--awb-text-font-style:normal;--awb-text-font-weight:400;\"><p>26 august, 2025<\/p>\n<\/div><\/div><\/div><\/div><\/div><\/li>\n<\/ul><\/div><\/div><\/div><\/div><\/div><div class=\"fusion-fullwidth fullwidth-box fusion-builder-row-2 fusion-flex-container has-pattern-background has-mask-background nonhundred-percent-fullwidth non-hundred-percent-height-scrolling\" style=\"--awb-border-radius-top-left:0px;--awb-border-radius-top-right:0px;--awb-border-radius-bottom-right:0px;--awb-border-radius-bottom-left:0px;--awb-flex-wrap:wrap;\" ><div class=\"fusion-builder-row fusion-row fusion-flex-align-items-flex-start fusion-flex-content-wrap\" style=\"max-width:1040px;margin-left: calc(-4% \/ 2 );margin-right: calc(-4% \/ 2 );\"><\/div><\/div><\/p>\n","protected":false},"excerpt":{"rendered":"","protected":false},"author":3,"featured_media":0,"parent":0,"menu_order":0,"comment_status":"closed","ping_status":"closed","template":"100-width.php","meta":{"footnotes":""},"class_list":["post-6019","page","type-page","status-publish","hentry"],"yoast_head":"<!-- This site is optimized with the Yoast SEO plugin v27.3 - https:\/\/yoast.com\/product\/yoast-seo-wordpress\/ -->\n<title>Nyheter - CleverApps<\/title>\n<meta name=\"description\" content=\"Nyheter for CleverApps Sweden AB. Les nyheter om v\u00e5re siste prosjekter, guider, samarbeid og kundenyheter.\" \/>\n<meta name=\"robots\" content=\"index, follow, max-snippet:-1, max-image-preview:large, max-video-preview:-1\" \/>\n<link rel=\"canonical\" href=\"https:\/\/www.cleverapps.se\/no\/hva-er-nytt\/\" \/>\n<meta property=\"og:locale\" content=\"nb_NO\" \/>\n<meta property=\"og:type\" content=\"article\" \/>\n<meta property=\"og:title\" content=\"Nyheter - CleverApps\" \/>\n<meta property=\"og:description\" content=\"Nyheter for CleverApps Sweden AB. Les nyheter om v\u00e5re siste prosjekter, guider, samarbeid og kundenyheter.\" \/>\n<meta property=\"og:url\" content=\"https:\/\/www.cleverapps.se\/no\/hva-er-nytt\/\" \/>\n<meta property=\"og:site_name\" content=\"CleverApps\" \/>\n<meta property=\"article:publisher\" content=\"https:\/\/www.facebook.com\/CleverApps.se\" \/>\n<meta property=\"article:modified_time\" content=\"2025-08-12T11:25:48+00:00\" \/>\n<meta name=\"twitter:card\" content=\"summary_large_image\" \/>\n<meta name=\"twitter:label1\" content=\"Ansl. lesetid\" \/>\n\t<meta name=\"twitter:data1\" content=\"8 minutter\" \/>\n<script type=\"application\/ld+json\" class=\"yoast-schema-graph\">{\"@context\":\"https:\\\/\\\/schema.org\",\"@graph\":[{\"@type\":\"WebPage\",\"@id\":\"https:\\\/\\\/www.cleverapps.se\\\/no\\\/hva-er-nytt\\\/\",\"url\":\"https:\\\/\\\/www.cleverapps.se\\\/no\\\/hva-er-nytt\\\/\",\"name\":\"Nyheter - CleverApps\",\"isPartOf\":{\"@id\":\"https:\\\/\\\/pdwxmhansen-integration.cleverapps.se\\\/no\\\/#website\"},\"datePublished\":\"2020-11-27T11:17:29+00:00\",\"dateModified\":\"2025-08-12T11:25:48+00:00\",\"description\":\"Nyheter for CleverApps Sweden AB. Les nyheter om v\u00e5re siste prosjekter, guider, samarbeid og kundenyheter.\",\"breadcrumb\":{\"@id\":\"https:\\\/\\\/www.cleverapps.se\\\/no\\\/hva-er-nytt\\\/#breadcrumb\"},\"inLanguage\":\"nb-NO\",\"potentialAction\":[{\"@type\":\"ReadAction\",\"target\":[\"https:\\\/\\\/www.cleverapps.se\\\/no\\\/hva-er-nytt\\\/\"]}]},{\"@type\":\"BreadcrumbList\",\"@id\":\"https:\\\/\\\/www.cleverapps.se\\\/no\\\/hva-er-nytt\\\/#breadcrumb\",\"itemListElement\":[{\"@type\":\"ListItem\",\"position\":1,\"name\":\"Hem\",\"item\":\"https:\\\/\\\/pdwxmhansen-integration.cleverapps.se\\\/no\\\/\"},{\"@type\":\"ListItem\",\"position\":2,\"name\":\"Nyheter\"}]},{\"@type\":\"WebSite\",\"@id\":\"https:\\\/\\\/pdwxmhansen-integration.cleverapps.se\\\/no\\\/#website\",\"url\":\"https:\\\/\\\/pdwxmhansen-integration.cleverapps.se\\\/no\\\/\",\"name\":\"CleverApps\",\"description\":\"Framtidens Retail Management System\\\/Butiksdatasystem\",\"publisher\":{\"@id\":\"https:\\\/\\\/pdwxmhansen-integration.cleverapps.se\\\/no\\\/#organization\"},\"potentialAction\":[{\"@type\":\"SearchAction\",\"target\":{\"@type\":\"EntryPoint\",\"urlTemplate\":\"https:\\\/\\\/pdwxmhansen-integration.cleverapps.se\\\/no\\\/?s={search_term_string}\"},\"query-input\":{\"@type\":\"PropertyValueSpecification\",\"valueRequired\":true,\"valueName\":\"search_term_string\"}}],\"inLanguage\":\"nb-NO\"},{\"@type\":\"Organization\",\"@id\":\"https:\\\/\\\/pdwxmhansen-integration.cleverapps.se\\\/no\\\/#organization\",\"name\":\"Cleverapps Sweden AB\",\"alternateName\":\"CleverApps\",\"url\":\"https:\\\/\\\/pdwxmhansen-integration.cleverapps.se\\\/no\\\/\",\"logo\":{\"@type\":\"ImageObject\",\"inLanguage\":\"nb-NO\",\"@id\":\"https:\\\/\\\/pdwxmhansen-integration.cleverapps.se\\\/no\\\/#\\\/schema\\\/logo\\\/image\\\/\",\"url\":\"\\\/wp-content\\\/uploads\\\/CleverApps-svart.png\",\"contentUrl\":\"\\\/wp-content\\\/uploads\\\/CleverApps-svart.png\",\"width\":1016,\"height\":242,\"caption\":\"Cleverapps Sweden AB\"},\"image\":{\"@id\":\"https:\\\/\\\/pdwxmhansen-integration.cleverapps.se\\\/no\\\/#\\\/schema\\\/logo\\\/image\\\/\"},\"sameAs\":[\"https:\\\/\\\/www.facebook.com\\\/CleverApps.se\",\"https:\\\/\\\/www.linkedin.com\\\/company\\\/cleverappsswedenab\\\/\"]}]}<\/script>\n<!-- \/ Yoast SEO plugin. -->","yoast_head_json":{"title":"Nyheter - CleverApps","description":"Nyheter for CleverApps Sweden AB. Les nyheter om v\u00e5re siste prosjekter, guider, samarbeid og kundenyheter.","robots":{"index":"index","follow":"follow","max-snippet":"max-snippet:-1","max-image-preview":"max-image-preview:large","max-video-preview":"max-video-preview:-1"},"canonical":"https:\/\/www.cleverapps.se\/no\/hva-er-nytt\/","og_locale":"nb_NO","og_type":"article","og_title":"Nyheter - CleverApps","og_description":"Nyheter for CleverApps Sweden AB. Les nyheter om v\u00e5re siste prosjekter, guider, samarbeid og kundenyheter.","og_url":"https:\/\/www.cleverapps.se\/no\/hva-er-nytt\/","og_site_name":"CleverApps","article_publisher":"https:\/\/www.facebook.com\/CleverApps.se","article_modified_time":"2025-08-12T11:25:48+00:00","twitter_card":"summary_large_image","twitter_misc":{"Ansl. lesetid":"8 minutter"},"schema":{"@context":"https:\/\/schema.org","@graph":[{"@type":"WebPage","@id":"https:\/\/www.cleverapps.se\/no\/hva-er-nytt\/","url":"https:\/\/www.cleverapps.se\/no\/hva-er-nytt\/","name":"Nyheter - CleverApps","isPartOf":{"@id":"https:\/\/pdwxmhansen-integration.cleverapps.se\/no\/#website"},"datePublished":"2020-11-27T11:17:29+00:00","dateModified":"2025-08-12T11:25:48+00:00","description":"Nyheter for CleverApps Sweden AB. Les nyheter om v\u00e5re siste prosjekter, guider, samarbeid og kundenyheter.","breadcrumb":{"@id":"https:\/\/www.cleverapps.se\/no\/hva-er-nytt\/#breadcrumb"},"inLanguage":"nb-NO","potentialAction":[{"@type":"ReadAction","target":["https:\/\/www.cleverapps.se\/no\/hva-er-nytt\/"]}]},{"@type":"BreadcrumbList","@id":"https:\/\/www.cleverapps.se\/no\/hva-er-nytt\/#breadcrumb","itemListElement":[{"@type":"ListItem","position":1,"name":"Hem","item":"https:\/\/pdwxmhansen-integration.cleverapps.se\/no\/"},{"@type":"ListItem","position":2,"name":"Nyheter"}]},{"@type":"WebSite","@id":"https:\/\/pdwxmhansen-integration.cleverapps.se\/no\/#website","url":"https:\/\/pdwxmhansen-integration.cleverapps.se\/no\/","name":"CleverApps","description":"Framtidens Retail Management System\/Butiksdatasystem","publisher":{"@id":"https:\/\/pdwxmhansen-integration.cleverapps.se\/no\/#organization"},"potentialAction":[{"@type":"SearchAction","target":{"@type":"EntryPoint","urlTemplate":"https:\/\/pdwxmhansen-integration.cleverapps.se\/no\/?s={search_term_string}"},"query-input":{"@type":"PropertyValueSpecification","valueRequired":true,"valueName":"search_term_string"}}],"inLanguage":"nb-NO"},{"@type":"Organization","@id":"https:\/\/pdwxmhansen-integration.cleverapps.se\/no\/#organization","name":"Cleverapps Sweden AB","alternateName":"CleverApps","url":"https:\/\/pdwxmhansen-integration.cleverapps.se\/no\/","logo":{"@type":"ImageObject","inLanguage":"nb-NO","@id":"https:\/\/pdwxmhansen-integration.cleverapps.se\/no\/#\/schema\/logo\/image\/","url":"\/wp-content\/uploads\/CleverApps-svart.png","contentUrl":"\/wp-content\/uploads\/CleverApps-svart.png","width":1016,"height":242,"caption":"Cleverapps Sweden AB"},"image":{"@id":"https:\/\/pdwxmhansen-integration.cleverapps.se\/no\/#\/schema\/logo\/image\/"},"sameAs":["https:\/\/www.facebook.com\/CleverApps.se","https:\/\/www.linkedin.com\/company\/cleverappsswedenab\/"]}]}},"_links":{"self":[{"href":"https:\/\/www.cleverapps.se\/no\/wp-json\/wp\/v2\/pages\/6019","targetHints":{"allow":["GET"]}}],"collection":[{"href":"https:\/\/www.cleverapps.se\/no\/wp-json\/wp\/v2\/pages"}],"about":[{"href":"https:\/\/www.cleverapps.se\/no\/wp-json\/wp\/v2\/types\/page"}],"author":[{"embeddable":true,"href":"https:\/\/www.cleverapps.se\/no\/wp-json\/wp\/v2\/users\/3"}],"replies":[{"embeddable":true,"href":"https:\/\/www.cleverapps.se\/no\/wp-json\/wp\/v2\/comments?post=6019"}],"version-history":[{"count":6,"href":"https:\/\/www.cleverapps.se\/no\/wp-json\/wp\/v2\/pages\/6019\/revisions"}],"predecessor-version":[{"id":6318,"href":"https:\/\/www.cleverapps.se\/no\/wp-json\/wp\/v2\/pages\/6019\/revisions\/6318"}],"wp:attachment":[{"href":"https:\/\/www.cleverapps.se\/no\/wp-json\/wp\/v2\/media?parent=6019"}],"curies":[{"name":"wp","href":"https:\/\/api.w.org\/{rel}","templated":true}]}}